{"id":173,"date":"2026-05-10T13:16:42","date_gmt":"2026-05-10T16:16:42","guid":{"rendered":"https:\/\/nomadered.com.br\/sobre-nos\/"},"modified":"2026-05-10T23:03:30","modified_gmt":"2026-05-11T02:03:30","slug":"sobre-nos","status":"publish","type":"page","link":"https:\/\/nomadered.com.br\/?page_id=173","title":{"rendered":"Sobre N\u00f3s"},"content":{"rendered":"\t\t<div data-elementor-type=\"wp-page\" data-elementor-id=\"173\" class=\"elementor elementor-173\" data-elementor-post-type=\"page\">\n\t\t\t\t<div class=\"elementor-element elementor-element-4416749 e-grid hostinger-ai-about-us-3 e-con-boxed e-con e-parent\" data-id=\"4416749\" data-element_type=\"container\" data-e-type=\"container\">\n\t\t\t\t\t<div class=\"e-con-inner\">\n\t\t<div class=\"elementor-element elementor-element-ac68c9f e-con-full e-flex e-con e-child\" data-id=\"ac68c9f\" data-element_type=\"container\" data-e-type=\"container\">\n\t\t\t\t<div class=\"elementor-element elementor-element-5dbfd0c hostinger-ai-title elementor-widget elementor-widget-heading\" data-id=\"5dbfd0c\" data-element_type=\"widget\" data-e-type=\"widget\" data-widget_type=\"heading.default\">\n\t\t\t\t\t<h2 class=\"elementor-heading-title elementor-size-default\">Sobre N\u00f3s<\/h2>\t\t\t\t<\/div>\n\t\t\t\t<div class=\"elementor-element elementor-element-54bca8c hostinger-ai-description elementor-widget elementor-widget-text-editor\" data-id=\"54bca8c\" data-element_type=\"widget\" data-e-type=\"widget\" data-widget_type=\"text-editor.default\">\n\t\t\t\t\t\t\t\t\tNo Nomade Red, compartilhamos hist\u00f3rias e dicas que conectam voc\u00ea ao mundo, sempre com um toque de preto e vermelho que marca nossa identidade.\t\t\t\t\t\t\t\t<\/div>\n\t\t\t\t<div class=\"elementor-element elementor-element-11cd716 hostinger-ai-cta-button hostinger-index-0 elementor-widget elementor-widget-button\" data-id=\"11cd716\" data-element_type=\"widget\" data-e-type=\"widget\" data-widget_type=\"button.default\">\n\t\t\t\t\t\t\t\t\t\t<a class=\"elementor-button elementor-button-link elementor-size-sm\" href=\"https:\/\/nomadered.com.br\/dinkum-celebra-aniversario-com-nova-regiao-e-estreia-no-nintendo-switch-2\/\">\n\t\t\t\t\t\t<span class=\"elementor-button-content-wrapper\">\n\t\t\t\t\t\t\t\t\t<span class=\"elementor-button-text\">Leia Mais<\/span>\n\t\t\t\t\t<\/span>\n\t\t\t\t\t<\/a>\n\t\t\t\t\t\t\t\t<\/div>\n\t\t\t\t<\/div>\n\t\t<div class=\"elementor-element elementor-element-534449b e-con-full e-grid e-con e-child\" data-id=\"534449b\" data-element_type=\"container\" data-e-type=\"container\">\n\t\t\t\t<div class=\"elementor-element elementor-element-639dc81 hostinger-ai-image hostinger-index-4 elementor-widget elementor-widget-image\" data-id=\"639dc81\" data-element_type=\"widget\" data-e-type=\"widget\" data-widget_type=\"image.default\">\n\t\t\t\t\t\t\t\t\t\t\t\t\t\t\t<img decoding=\"async\" src=\"https:\/\/images.unsplash.com\/photo-1518841252147-00cc0a43dcaf?q=85&#038;w=273&#038;h=462&#038;fit=crop\" title=\"\" alt=\"\" loading=\"lazy\" \/>\t\t\t\t\t\t\t\t\t\t\t\t\t\t\t<\/div>\n\t\t\t\t<div class=\"elementor-element elementor-element-a59b6bc hostinger-ai-image hostinger-index-5 elementor-widget elementor-widget-image\" data-id=\"a59b6bc\" data-element_type=\"widget\" data-e-type=\"widget\" data-widget_type=\"image.default\">\n\t\t\t\t\t\t\t\t\t\t\t\t\t\t\t<img decoding=\"async\" src=\"https:\/\/images.unsplash.com\/photo-1678690832311-bb6e361989ca?q=85&#038;w=273&#038;h=462&#038;fit=crop\" title=\"\" alt=\"\" loading=\"lazy\" \/>\t\t\t\t\t\t\t\t\t\t\t\t\t\t\t<\/div>\n\t\t\t\t<\/div>\n\t\t\t\t\t<\/div>\n\t\t\t\t<\/div>\n\t\t<div class=\"elementor-element elementor-element-11cbd29 e-flex e-con-boxed e-con e-parent\" data-id=\"11cbd29\" data-element_type=\"container\" data-e-type=\"container\">\n\t\t\t\t\t<div class=\"e-con-inner\">\n\t\t<div class=\"elementor-element elementor-element-261ddac e-con-full e-flex e-con e-child\" data-id=\"261ddac\" data-element_type=\"container\" data-e-type=\"container\">\n\t\t\t\t<div class=\"elementor-element elementor-element-60c2af6 hostinger-ai-subtitle elementor-widget elementor-widget-heading\" data-id=\"60c2af6\" data-element_type=\"widget\" data-e-type=\"widget\" data-widget_type=\"heading.default\">\n\t\t\t\t\t<h2 class=\"elementor-heading-title elementor-size-default\">Opini\u00f5es reais<\/h2>\t\t\t\t<\/div>\n\t\t\t\t<\/div>\n\t\t<div class=\"elementor-element elementor-element-ff11174 e-grid e-con-full e-con e-child\" data-id=\"ff11174\" data-element_type=\"container\" data-e-type=\"container\">\n\t\t<div class=\"elementor-element elementor-element-c3d65bc e-con-full e-flex e-con e-child\" data-id=\"c3d65bc\" data-element_type=\"container\" data-e-type=\"container\">\n\t\t\t\t<div class=\"elementor-element elementor-element-4c853de hostinger-ai-testimonial-image elementor-widget elementor-widget-image\" data-id=\"4c853de\" data-element_type=\"widget\" data-e-type=\"widget\" data-widget_type=\"image.default\">\n\t\t\t\t\t\t\t\t\t\t\t\t\t\t\t<img decoding=\"async\" src=\"https:\/\/nomadered.com.br\/wp-content\/themes\/hostinger-ai-theme\/assets\/images\/testimonials\/man-6-400x450-c.jpg\" title=\"\" alt=\"\" loading=\"lazy\" \/>\t\t\t\t\t\t\t\t\t\t\t\t\t\t\t<\/div>\n\t\t\t\t<div class=\"elementor-element elementor-element-97b59d3 hostinger-ai-testimonial-text elementor-widget elementor-widget-text-editor\" data-id=\"97b59d3\" data-element_type=\"widget\" data-e-type=\"widget\" data-widget_type=\"text-editor.default\">\n\t\t\t\t\t\t\t\t\tAdoro como o Nomade Red traz dicas pr\u00e1ticas e textos que realmente me inspiram a viajar mais.\t\t\t\t\t\t\t\t<\/div>\n\t\t\t\t<\/div>\n\t\t<div class=\"elementor-element elementor-element-51b7a88 e-con-full e-flex e-con e-child\" data-id=\"51b7a88\" data-element_type=\"container\" data-e-type=\"container\">\n\t\t\t\t<div class=\"elementor-element elementor-element-4aeef2c hostinger-ai-testimonial-image hostinger-index-1 elementor-widget elementor-widget-image\" data-id=\"4aeef2c\" data-element_type=\"widget\" data-e-type=\"widget\" data-widget_type=\"image.default\">\n\t\t\t\t\t\t\t\t\t\t\t\t\t\t\t<img decoding=\"async\" src=\"https:\/\/nomadered.com.br\/wp-content\/themes\/hostinger-ai-theme\/assets\/images\/testimonials\/man-7-400x450-c.jpg\" title=\"\" alt=\"\" loading=\"lazy\" \/>\t\t\t\t\t\t\t\t\t\t\t\t\t\t\t<\/div>\n\t\t\t\t<div class=\"elementor-element elementor-element-7f1becc hostinger-ai-testimonial-text hostinger-index-1 elementor-widget elementor-widget-text-editor\" data-id=\"7f1becc\" data-element_type=\"widget\" data-e-type=\"widget\" data-widget_type=\"text-editor.default\">\n\t\t\t\t\t\t\t\t\tO design do blog \u00e9 incr\u00edvel, f\u00e1cil de navegar e o conte\u00fado sempre me surpreende positivamente.\t\t\t\t\t\t\t\t<\/div>\n\t\t\t\t<\/div>\n\t\t\t\t<\/div>\n\t\t\t\t\t<\/div>\n\t\t\t\t<\/div>\n\t\t\t\t<\/div>\n\t\t","protected":false},"excerpt":{"rendered":"","protected":false},"author":1,"featured_media":0,"parent":0,"menu_order":0,"comment_status":"closed","ping_status":"closed","template":"elementor_header_footer","meta":{"footnotes":""},"class_list":["post-173","page","type-page","status-publish","hentry"],"yoast_head":"<!-- This site is optimized with the Yoast SEO plugin v27.5 - https:\/\/yoast.com\/product\/yoast-seo-wordpress\/ -->\n<title>Nomade Red: blog de estilo e inspira\u00e7\u00e3o<\/title>\n<meta name=\"description\" content=\"Nomade Red traz conte\u00fados com design marcante em preto e vermelho, combinando estilo e criatividade para seu dia a dia.\" \/>\n<meta name=\"robots\" content=\"index, follow, max-snippet:-1, max-image-preview:large, max-video-preview:-1\" \/>\n<link rel=\"canonical\" href=\"https:\/\/nomadered.com.br\/?page_id=173\" \/>\n<meta property=\"og:locale\" content=\"pt_BR\" \/>\n<meta property=\"og:type\" content=\"article\" \/>\n<meta property=\"og:title\" content=\"Nomade Red: blog de estilo e inspira\u00e7\u00e3o\" \/>\n<meta property=\"og:description\" content=\"Nomade Red traz conte\u00fados com design marcante em preto e vermelho, combinando estilo e criatividade para seu dia a dia.\" \/>\n<meta property=\"og:url\" content=\"https:\/\/nomadered.com.br\/?page_id=173\" \/>\n<meta property=\"og:site_name\" content=\"Nomade RED\" \/>\n<meta property=\"article:publisher\" content=\"https:\/\/www.facebook.com\/profile.php?id=61575930443749\" \/>\n<meta property=\"article:modified_time\" content=\"2026-05-11T02:03:30+00:00\" \/>\n<meta name=\"twitter:card\" content=\"summary_large_image\" \/>\n<script type=\"application\/ld+json\" class=\"yoast-schema-graph\">{\"@context\":\"https:\\\/\\\/schema.org\",\"@graph\":[{\"@type\":\"WebPage\",\"@id\":\"https:\\\/\\\/nomadered.com.br\\\/?page_id=173\",\"url\":\"https:\\\/\\\/nomadered.com.br\\\/?page_id=173\",\"name\":\"Nomade Red: blog de estilo e inspira\u00e7\u00e3o\",\"isPartOf\":{\"@id\":\"https:\\\/\\\/nomadered.com.br\\\/#website\"},\"datePublished\":\"2026-05-10T16:16:42+00:00\",\"dateModified\":\"2026-05-11T02:03:30+00:00\",\"description\":\"Nomade Red traz conte\u00fados com design marcante em preto e vermelho, combinando estilo e criatividade para seu dia a dia.\",\"breadcrumb\":{\"@id\":\"https:\\\/\\\/nomadered.com.br\\\/?page_id=173#breadcrumb\"},\"inLanguage\":\"pt-BR\",\"potentialAction\":[{\"@type\":\"ReadAction\",\"target\":[\"https:\\\/\\\/nomadered.com.br\\\/?page_id=173\"]}]},{\"@type\":\"BreadcrumbList\",\"@id\":\"https:\\\/\\\/nomadered.com.br\\\/?page_id=173#breadcrumb\",\"itemListElement\":[{\"@type\":\"ListItem\",\"position\":1,\"name\":\"In\u00edcio\",\"item\":\"https:\\\/\\\/nomadered.com.br\\\/\"},{\"@type\":\"ListItem\",\"position\":2,\"name\":\"Sobre N\u00f3s\"}]},{\"@type\":\"WebSite\",\"@id\":\"https:\\\/\\\/nomadered.com.br\\\/#website\",\"url\":\"https:\\\/\\\/nomadered.com.br\\\/\",\"name\":\"nomadered.com.br\",\"description\":\"\",\"publisher\":{\"@id\":\"https:\\\/\\\/nomadered.com.br\\\/#organization\"},\"potentialAction\":[{\"@type\":\"SearchAction\",\"target\":{\"@type\":\"EntryPoint\",\"urlTemplate\":\"https:\\\/\\\/nomadered.com.br\\\/?s={search_term_string}\"},\"query-input\":{\"@type\":\"PropertyValueSpecification\",\"valueRequired\":true,\"valueName\":\"search_term_string\"}}],\"inLanguage\":\"pt-BR\"},{\"@type\":\"Organization\",\"@id\":\"https:\\\/\\\/nomadered.com.br\\\/#organization\",\"name\":\"nomadered.com.br\",\"url\":\"https:\\\/\\\/nomadered.com.br\\\/\",\"logo\":{\"@type\":\"ImageObject\",\"inLanguage\":\"pt-BR\",\"@id\":\"https:\\\/\\\/nomadered.com.br\\\/#\\\/schema\\\/logo\\\/image\\\/\",\"url\":\"https:\\\/\\\/nomadered.com.br\\\/wp-content\\\/uploads\\\/2026\\\/05\\\/logo-do-site-vertical.png\",\"contentUrl\":\"https:\\\/\\\/nomadered.com.br\\\/wp-content\\\/uploads\\\/2026\\\/05\\\/logo-do-site-vertical.png\",\"width\":1800,\"height\":1800,\"caption\":\"nomadered.com.br\"},\"image\":{\"@id\":\"https:\\\/\\\/nomadered.com.br\\\/#\\\/schema\\\/logo\\\/image\\\/\"},\"sameAs\":[\"https:\\\/\\\/www.facebook.com\\\/profile.php?id=61575930443749\",\"https:\\\/\\\/www.instagram.com\\\/nomade_red\\\/\",\"https:\\\/\\\/www.kwai.com\\\/@nomade_red\",\"https:\\\/\\\/www.twitch.tv\\\/nomade_red\",\"https:\\\/\\\/kick.com\\\/nomade-red\"]}]}<\/script>\n<!-- \/ Yoast SEO plugin. -->","yoast_head_json":{"title":"Nomade Red: blog de estilo e inspira\u00e7\u00e3o","description":"Nomade Red traz conte\u00fados com design marcante em preto e vermelho, combinando estilo e criatividade para seu dia a dia.","robots":{"index":"index","follow":"follow","max-snippet":"max-snippet:-1","max-image-preview":"max-image-preview:large","max-video-preview":"max-video-preview:-1"},"canonical":"https:\/\/nomadered.com.br\/?page_id=173","og_locale":"pt_BR","og_type":"article","og_title":"Nomade Red: blog de estilo e inspira\u00e7\u00e3o","og_description":"Nomade Red traz conte\u00fados com design marcante em preto e vermelho, combinando estilo e criatividade para seu dia a dia.","og_url":"https:\/\/nomadered.com.br\/?page_id=173","og_site_name":"Nomade RED","article_publisher":"https:\/\/www.facebook.com\/profile.php?id=61575930443749","article_modified_time":"2026-05-11T02:03:30+00:00","twitter_card":"summary_large_image","schema":{"@context":"https:\/\/schema.org","@graph":[{"@type":"WebPage","@id":"https:\/\/nomadered.com.br\/?page_id=173","url":"https:\/\/nomadered.com.br\/?page_id=173","name":"Nomade Red: blog de estilo e inspira\u00e7\u00e3o","isPartOf":{"@id":"https:\/\/nomadered.com.br\/#website"},"datePublished":"2026-05-10T16:16:42+00:00","dateModified":"2026-05-11T02:03:30+00:00","description":"Nomade Red traz conte\u00fados com design marcante em preto e vermelho, combinando estilo e criatividade para seu dia a dia.","breadcrumb":{"@id":"https:\/\/nomadered.com.br\/?page_id=173#breadcrumb"},"inLanguage":"pt-BR","potentialAction":[{"@type":"ReadAction","target":["https:\/\/nomadered.com.br\/?page_id=173"]}]},{"@type":"BreadcrumbList","@id":"https:\/\/nomadered.com.br\/?page_id=173#breadcrumb","itemListElement":[{"@type":"ListItem","position":1,"name":"In\u00edcio","item":"https:\/\/nomadered.com.br\/"},{"@type":"ListItem","position":2,"name":"Sobre N\u00f3s"}]},{"@type":"WebSite","@id":"https:\/\/nomadered.com.br\/#website","url":"https:\/\/nomadered.com.br\/","name":"nomadered.com.br","description":"","publisher":{"@id":"https:\/\/nomadered.com.br\/#organization"},"potentialAction":[{"@type":"SearchAction","target":{"@type":"EntryPoint","urlTemplate":"https:\/\/nomadered.com.br\/?s={search_term_string}"},"query-input":{"@type":"PropertyValueSpecification","valueRequired":true,"valueName":"search_term_string"}}],"inLanguage":"pt-BR"},{"@type":"Organization","@id":"https:\/\/nomadered.com.br\/#organization","name":"nomadered.com.br","url":"https:\/\/nomadered.com.br\/","logo":{"@type":"ImageObject","inLanguage":"pt-BR","@id":"https:\/\/nomadered.com.br\/#\/schema\/logo\/image\/","url":"https:\/\/nomadered.com.br\/wp-content\/uploads\/2026\/05\/logo-do-site-vertical.png","contentUrl":"https:\/\/nomadered.com.br\/wp-content\/uploads\/2026\/05\/logo-do-site-vertical.png","width":1800,"height":1800,"caption":"nomadered.com.br"},"image":{"@id":"https:\/\/nomadered.com.br\/#\/schema\/logo\/image\/"},"sameAs":["https:\/\/www.facebook.com\/profile.php?id=61575930443749","https:\/\/www.instagram.com\/nomade_red\/","https:\/\/www.kwai.com\/@nomade_red","https:\/\/www.twitch.tv\/nomade_red","https:\/\/kick.com\/nomade-red"]}]}},"_hostinger_reach_plugin_has_subscription_block":false,"_hostinger_reach_plugin_is_elementor":false,"_links":{"self":[{"href":"https:\/\/nomadered.com.br\/index.php?rest_route=\/wp\/v2\/pages\/173","targetHints":{"allow":["GET"]}}],"collection":[{"href":"https:\/\/nomadered.com.br\/index.php?rest_route=\/wp\/v2\/pages"}],"about":[{"href":"https:\/\/nomadered.com.br\/index.php?rest_route=\/wp\/v2\/types\/page"}],"author":[{"embeddable":true,"href":"https:\/\/nomadered.com.br\/index.php?rest_route=\/wp\/v2\/users\/1"}],"replies":[{"embeddable":true,"href":"https:\/\/nomadered.com.br\/index.php?rest_route=%2Fwp%2Fv2%2Fcomments&post=173"}],"version-history":[{"count":1,"href":"https:\/\/nomadered.com.br\/index.php?rest_route=\/wp\/v2\/pages\/173\/revisions"}],"predecessor-version":[{"id":195,"href":"https:\/\/nomadered.com.br\/index.php?rest_route=\/wp\/v2\/pages\/173\/revisions\/195"}],"wp:attachment":[{"href":"https:\/\/nomadered.com.br\/index.php?rest_route=%2Fwp%2Fv2%2Fmedia&parent=173"}],"curies":[{"name":"wp","href":"https:\/\/api.w.org\/{rel}","templated":true}]}}