{"id":8,"date":"2026-05-08T11:33:28","date_gmt":"2026-05-08T11:33:28","guid":{"rendered":"https:\/\/nomadered.com.br\/?page_id=8"},"modified":"2026-05-09T14:09:54","modified_gmt":"2026-05-09T17:09:54","slug":"inicio","status":"publish","type":"page","link":"https:\/\/nomadered.com.br\/","title":{"rendered":"Home"},"content":{"rendered":"\t\t<div data-elementor-type=\"wp-page\" data-elementor-id=\"8\" class=\"elementor elementor-8\" data-elementor-post-type=\"page\">\n\t\t\t\t<div class=\"elementor-element elementor-element-undefined-b7ea3be e-flex e-con-boxed e-con e-parent\" data-id=\"undefined-b7ea3be\" data-element_type=\"container\" data-e-type=\"container\">\n\t\t\t\t\t<div class=\"e-con-inner\">\n\t\t\t\t<div class=\"elementor-element elementor-element-undefined-df8e655 elementor-widget elementor-widget-heading\" data-id=\"undefined-df8e655\" data-element_type=\"widget\" data-e-type=\"widget\" data-widget_type=\"heading.default\">\n\t\t\t\t\t<h2 class=\"elementor-heading-title elementor-size-default\">\u00daltimas atualiza\u00e7\u00f5es de not\u00edcias<\/h2>\t\t\t\t<\/div>\n\t\t\t\t<div class=\"elementor-element elementor-element-undefined-243c620 elementor-widget elementor-widget-heading\" data-id=\"undefined-243c620\" data-element_type=\"widget\" data-e-type=\"widget\" data-widget_type=\"heading.default\">\n\t\t\t\t\t<h5 class=\"elementor-heading-title elementor-size-default\">Fique atento \u00e0s \u00faltimas informa\u00e7\u00f5es e atualiza\u00e7\u00f5es em diversos setores.<span style=\"letter-spacing: 0px\"><\/span><\/h5>\t\t\t\t<\/div>\n\t\t\t\t<div class=\"elementor-element elementor-element-undefined-c05636f elementor-grid-tablet-3 elementor-grid-5 elementor-posts--align-center elementor-widget__width-inherit elementor-grid-mobile-1 elementor-posts--thumbnail-top elementor-widget elementor-widget-posts\" data-id=\"undefined-c05636f\" data-element_type=\"widget\" data-e-type=\"widget\" data-settings=\"{&quot;classic_columns_tablet&quot;:&quot;3&quot;,&quot;classic_columns&quot;:&quot;5&quot;,&quot;classic_row_gap&quot;:{&quot;unit&quot;:&quot;px&quot;,&quot;size&quot;:16,&quot;sizes&quot;:[]},&quot;pagination_type&quot;:&quot;numbers_and_prev_next&quot;,&quot;classic_columns_mobile&quot;:&quot;1&quot;,&quot;classic_row_gap_tablet&quot;:{&quot;unit&quot;:&quot;px&quot;,&quot;size&quot;:&quot;&quot;,&quot;sizes&quot;:[]},&quot;classic_row_gap_mobile&quot;:{&quot;unit&quot;:&quot;px&quot;,&quot;size&quot;:&quot;&quot;,&quot;sizes&quot;:[]}}\" data-widget_type=\"posts.classic\">\n\t\t\t\t<div class=\"elementor-widget-container\">\n\t\t\t\t\t\t\t<div class=\"elementor-posts-container elementor-posts elementor-posts--skin-classic elementor-grid\" role=\"list\">\n\t\t\t\t<article class=\"elementor-post elementor-grid-item post-167 post type-post status-publish format-standard hentry category-uncategorized\" role=\"listitem\">\n\t\t\t\t<div class=\"elementor-post__text\">\n\t\t\t\t<h3 class=\"elementor-post__title\">\n\t\t\t<a href=\"https:\/\/nomadered.com.br\/?p=167\" >\n\t\t\t\tDicas para Criar um Blog Atrativo\t\t\t<\/a>\n\t\t<\/h3>\n\t\t\t\t<div class=\"elementor-post__meta-data\">\n\t\t\t\t\t<span class=\"elementor-post-date\">\n\t\t\t10 de maio de 2026\t\t<\/span>\n\t\t\t\t<\/div>\n\t\t\t\t<div class=\"elementor-post__excerpt\">\n\t\t\t<p>Introdu\u00e7\u00e3o ao Criar um Blog Criar um blog pode ser uma forma eficaz de compartilhar suas ideias e construir uma<\/p>\n\t\t<\/div>\n\t\t\t\t<\/div>\n\t\t\t\t<\/article>\n\t\t\t\t<article class=\"elementor-post elementor-grid-item post-165 post type-post status-publish format-standard hentry category-uncategorized\" role=\"listitem\">\n\t\t\t\t<div class=\"elementor-post__text\">\n\t\t\t\t<h3 class=\"elementor-post__title\">\n\t\t\t<a href=\"https:\/\/nomadered.com.br\/?p=165\" >\n\t\t\t\tDicas para Criar um Blog Eficiente\t\t\t<\/a>\n\t\t<\/h3>\n\t\t\t\t<div class=\"elementor-post__meta-data\">\n\t\t\t\t\t<span class=\"elementor-post-date\">\n\t\t\t10 de maio de 2026\t\t<\/span>\n\t\t\t\t<\/div>\n\t\t\t\t<div class=\"elementor-post__excerpt\">\n\t\t\t<p>Introdu\u00e7\u00e3o ao Blogging No mundo atual, ter um blog pode ser uma ferramenta poderosa para compartilhar suas ideias e conectar-se<\/p>\n\t\t<\/div>\n\t\t\t\t<\/div>\n\t\t\t\t<\/article>\n\t\t\t\t<article class=\"elementor-post elementor-grid-item post-136 post type-post status-publish format-standard has-post-thumbnail hentry category-esports tag-esports\" role=\"listitem\">\n\t\t\t\t<a class=\"elementor-post__thumbnail__link\" href=\"https:\/\/nomadered.com.br\/?p=136\" tabindex=\"-1\" >\n\t\t\t<div class=\"elementor-post__thumbnail\"><img fetchpriority=\"high\" decoding=\"async\" width=\"800\" height=\"450\" src=\"https:\/\/nomadered.com.br\/wp-content\/uploads\/2026\/05\/01-2-1024x576.webp\" class=\"attachment-large size-large wp-image-137\" alt=\"A LOS busca a \u00faltima chance de classifica\u00e7\u00e3o no Major de Rainbow Six Siege! Confira os resultados do Play-In e a agenda deste s\u00e1bado (9) em Salt Lake City.\" srcset=\"https:\/\/nomadered.com.br\/wp-content\/uploads\/2026\/05\/01-2-1024x576.webp 1024w, https:\/\/nomadered.com.br\/wp-content\/uploads\/2026\/05\/01-2-300x169.webp 300w, https:\/\/nomadered.com.br\/wp-content\/uploads\/2026\/05\/01-2-768x432.webp 768w, https:\/\/nomadered.com.br\/wp-content\/uploads\/2026\/05\/01-2-1536x864.webp 1536w, https:\/\/nomadered.com.br\/wp-content\/uploads\/2026\/05\/01-2.webp 1600w\" sizes=\"(max-width: 800px) 100vw, 800px\" \/><\/div>\n\t\t<\/a>\n\t\t\t\t<div class=\"elementor-post__text\">\n\t\t\t\t<h3 class=\"elementor-post__title\">\n\t\t\t<a href=\"https:\/\/nomadered.com.br\/?p=136\" >\n\t\t\t\tLOS Busca Reabilita\u00e7\u00e3o no Major de Rainbow Six Siege em Salt Lake City\t\t\t<\/a>\n\t\t<\/h3>\n\t\t\t\t<div class=\"elementor-post__meta-data\">\n\t\t\t\t\t<span class=\"elementor-post-date\">\n\t\t\t10 de maio de 2026\t\t<\/span>\n\t\t\t\t<\/div>\n\t\t\t\t<div class=\"elementor-post__excerpt\">\n\t\t\t<p>O Major Salt Lake City de Rainbow Six Siege iniciou sua fase de Play-In com emo\u00e7\u00f5es mistas para a torcida<\/p>\n\t\t<\/div>\n\t\t\t\t<\/div>\n\t\t\t\t<\/article>\n\t\t\t\t<article class=\"elementor-post elementor-grid-item post-70 post type-post status-publish format-standard has-post-thumbnail hentry category-games tag-games\" role=\"listitem\">\n\t\t\t\t<a class=\"elementor-post__thumbnail__link\" href=\"https:\/\/nomadered.com.br\/?p=70\" tabindex=\"-1\" >\n\t\t\t<div class=\"elementor-post__thumbnail\"><img decoding=\"async\" width=\"800\" height=\"450\" src=\"https:\/\/nomadered.com.br\/wp-content\/uploads\/2026\/05\/09-1024x576.webp\" class=\"attachment-large size-large wp-image-71\" alt=\"Explore a criatividade com Arte-Fatos, o novo DLC de Two Point Museum! Encomende obras originais, gerencie especialistas em arte e apoie a campanha da Mind.\" srcset=\"https:\/\/nomadered.com.br\/wp-content\/uploads\/2026\/05\/09-1024x576.webp 1024w, https:\/\/nomadered.com.br\/wp-content\/uploads\/2026\/05\/09-300x169.webp 300w, https:\/\/nomadered.com.br\/wp-content\/uploads\/2026\/05\/09-768x432.webp 768w, https:\/\/nomadered.com.br\/wp-content\/uploads\/2026\/05\/09-1536x864.webp 1536w, https:\/\/nomadered.com.br\/wp-content\/uploads\/2026\/05\/09.webp 1600w\" sizes=\"(max-width: 800px) 100vw, 800px\" \/><\/div>\n\t\t<\/a>\n\t\t\t\t<div class=\"elementor-post__text\">\n\t\t\t\t<h3 class=\"elementor-post__title\">\n\t\t\t<a href=\"https:\/\/nomadered.com.br\/?p=70\" >\n\t\t\t\tTwo Point Museum Lan\u00e7a DLC &#8220;Arte-Fatos&#8221; em Apoio \u00e0 Sa\u00fade Mental\t\t\t<\/a>\n\t\t<\/h3>\n\t\t\t\t<div class=\"elementor-post__meta-data\">\n\t\t\t\t\t<span class=\"elementor-post-date\">\n\t\t\t9 de maio de 2026\t\t<\/span>\n\t\t\t\t<\/div>\n\t\t\t\t<div class=\"elementor-post__excerpt\">\n\t\t\t<p>A Two Point Studios e a SEGA Europe lan\u00e7aram hoje (7) o DLC Arte-Fatos, a expans\u00e3o mais inovadora de Two<\/p>\n\t\t<\/div>\n\t\t\t\t<\/div>\n\t\t\t\t<\/article>\n\t\t\t\t<article class=\"elementor-post elementor-grid-item post-67 post type-post status-publish format-standard has-post-thumbnail hentry category-eventos tag-eventos\" role=\"listitem\">\n\t\t\t\t<a class=\"elementor-post__thumbnail__link\" href=\"https:\/\/nomadered.com.br\/?p=67\" tabindex=\"-1\" >\n\t\t\t<div class=\"elementor-post__thumbnail\"><img decoding=\"async\" width=\"800\" height=\"450\" src=\"https:\/\/nomadered.com.br\/wp-content\/uploads\/2026\/05\/08-1024x576.webp\" class=\"attachment-large size-large wp-image-68\" alt=\"Darin De Paul apresenta a Noite da Comunidade na BlizzCon 2026! Conhe\u00e7a os jurados de cosplay e inscreva-se at\u00e9 15 de maio para os concursos de arte e talento.\" srcset=\"https:\/\/nomadered.com.br\/wp-content\/uploads\/2026\/05\/08-1024x576.webp 1024w, https:\/\/nomadered.com.br\/wp-content\/uploads\/2026\/05\/08-300x169.webp 300w, https:\/\/nomadered.com.br\/wp-content\/uploads\/2026\/05\/08-768x432.webp 768w, https:\/\/nomadered.com.br\/wp-content\/uploads\/2026\/05\/08-1536x864.webp 1536w, https:\/\/nomadered.com.br\/wp-content\/uploads\/2026\/05\/08.webp 1600w\" sizes=\"(max-width: 800px) 100vw, 800px\" \/><\/div>\n\t\t<\/a>\n\t\t\t\t<div class=\"elementor-post__text\">\n\t\t\t\t<h3 class=\"elementor-post__title\">\n\t\t\t<a href=\"https:\/\/nomadered.com.br\/?p=67\" >\n\t\t\t\tDarin De Paul Apresenta a Noite da Comunidade na BlizzCon 2026\t\t\t<\/a>\n\t\t<\/h3>\n\t\t\t\t<div class=\"elementor-post__meta-data\">\n\t\t\t\t\t<span class=\"elementor-post-date\">\n\t\t\t9 de maio de 2026\t\t<\/span>\n\t\t\t\t<\/div>\n\t\t\t\t<div class=\"elementor-post__excerpt\">\n\t\t\t<p>A Blizzard Entertainment confirmou hoje que o renomado dublador Darin De Paul retornar\u00e1 como o mestre de cerim\u00f4nias da Noite<\/p>\n\t\t<\/div>\n\t\t\t\t<\/div>\n\t\t\t\t<\/article>\n\t\t\t\t<\/div>\n\t\t\n\t\t\t\t<div class=\"e-load-more-anchor\" data-page=\"1\" data-max-page=\"3\" data-next-page=\"https:\/\/nomadered.com.br\/index.php?rest_route=%2Fwp%2Fv2%2Fpages%2F8&#038;paged=2\"><\/div>\n\t\t\t\t<nav class=\"elementor-pagination\" aria-label=\"Pagina\u00e7\u00e3o\">\n\t\t\t<span class=\"page-numbers prev\">&laquo; Back to Previous<\/span>\n<span aria-current=\"page\" class=\"page-numbers current\"><span class=\"elementor-screen-only\">P\u00e1gina<\/span>1<\/span>\n<a class=\"page-numbers\" href=\"https:\/\/nomadered.com.br\/index.php\/?paged=2\"><span class=\"elementor-screen-only\">P\u00e1gina<\/span>2<\/a>\n<a class=\"page-numbers\" href=\"https:\/\/nomadered.com.br\/index.php\/?paged=3\"><span class=\"elementor-screen-only\">P\u00e1gina<\/span>3<\/a>\n<a class=\"page-numbers next\" href=\"https:\/\/nomadered.com.br\/index.php?rest_route=%2Fwp%2Fv2%2Fpages%2F8&#038;paged=2\">Next Story &raquo;<\/a>\t\t<\/nav>\n\t\t\t\t\t\t<\/div>\n\t\t\t\t<\/div>\n\t\t\t\t<div class=\"elementor-element elementor-element-undefined-4ab90aa elementor-widget__width-auto elementor-widget elementor-widget-button\" data-id=\"undefined-4ab90aa\" data-element_type=\"widget\" data-e-type=\"widget\" data-widget_type=\"button.default\">\n\t\t\t\t\t\t\t\t\t\t<a class=\"elementor-button elementor-button-link elementor-size-sm\" href=\"#\">\n\t\t\t\t\t\t<span class=\"elementor-button-content-wrapper\">\n\t\t\t\t\t\t\t\t\t<span class=\"elementor-button-text\">See All News<\/span>\n\t\t\t\t\t<\/span>\n\t\t\t\t\t<\/a>\n\t\t\t\t\t\t\t\t<\/div>\n\t\t\t\t\t<\/div>\n\t\t\t\t<\/div>\n\t\t\t\t<\/div>\n\t\t","protected":false},"excerpt":{"rendered":"<p>\u00daltimas atualiza\u00e7\u00f5es de not\u00edcias Fique atento \u00e0s \u00faltimas informa\u00e7\u00f5es e atualiza\u00e7\u00f5es em diversos setores. See All News<\/p>\n","protected":false},"author":1,"featured_media":0,"parent":0,"menu_order":0,"comment_status":"closed","ping_status":"closed","template":"elementor_header_footer","meta":{"footnotes":""},"class_list":["post-8","page","type-page","status-publish","hentry"],"yoast_head":"<!-- This site is optimized with the Yoast SEO plugin v27.5 - https:\/\/yoast.com\/product\/yoast-seo-wordpress\/ -->\n<title>Home - Nomade RED<\/title>\n<meta name=\"robots\" content=\"index, follow, max-snippet:-1, max-image-preview:large, max-video-preview:-1\" \/>\n<link rel=\"canonical\" href=\"https:\/\/nomadered.com.br\/\" \/>\n<meta property=\"og:locale\" content=\"pt_BR\" \/>\n<meta property=\"og:type\" content=\"article\" \/>\n<meta property=\"og:title\" content=\"Home - Nomade RED\" \/>\n<meta property=\"og:description\" content=\"\u00daltimas atualiza\u00e7\u00f5es de not\u00edcias Fique atento \u00e0s \u00faltimas informa\u00e7\u00f5es e atualiza\u00e7\u00f5es em diversos setores. See All News\" \/>\n<meta property=\"og:url\" content=\"https:\/\/nomadered.com.br\/\" \/>\n<meta property=\"og:site_name\" content=\"Nomade RED\" \/>\n<meta property=\"article:publisher\" content=\"https:\/\/www.facebook.com\/profile.php?id=61575930443749\" \/>\n<meta property=\"article:modified_time\" content=\"2026-05-09T17:09:54+00:00\" \/>\n<meta name=\"twitter:card\" content=\"summary_large_image\" \/>\n<meta name=\"twitter:label1\" content=\"Est. tempo de leitura\" \/>\n\t<meta name=\"twitter:data1\" content=\"5 minutos\" \/>\n<script type=\"application\/ld+json\" class=\"yoast-schema-graph\">{\"@context\":\"https:\\\/\\\/schema.org\",\"@graph\":[{\"@type\":\"WebPage\",\"@id\":\"https:\\\/\\\/nomadered.com.br\\\/\",\"url\":\"https:\\\/\\\/nomadered.com.br\\\/\",\"name\":\"Home - Nomade RED\",\"isPartOf\":{\"@id\":\"https:\\\/\\\/nomadered.com.br\\\/#website\"},\"datePublished\":\"2026-05-08T11:33:28+00:00\",\"dateModified\":\"2026-05-09T17:09:54+00:00\",\"breadcrumb\":{\"@id\":\"https:\\\/\\\/nomadered.com.br\\\/#breadcrumb\"},\"inLanguage\":\"pt-BR\",\"potentialAction\":[{\"@type\":\"ReadAction\",\"target\":[\"https:\\\/\\\/nomadered.com.br\\\/\"]}]},{\"@type\":\"BreadcrumbList\",\"@id\":\"https:\\\/\\\/nomadered.com.br\\\/#breadcrumb\",\"itemListElement\":[{\"@type\":\"ListItem\",\"position\":1,\"name\":\"In\u00edcio\",\"item\":\"https:\\\/\\\/nomadered.com.br\\\/\"},{\"@type\":\"ListItem\",\"position\":2,\"name\":\"Home\"}]},{\"@type\":\"WebSite\",\"@id\":\"https:\\\/\\\/nomadered.com.br\\\/#website\",\"url\":\"https:\\\/\\\/nomadered.com.br\\\/\",\"name\":\"nomadered.com.br\",\"description\":\"\",\"publisher\":{\"@id\":\"https:\\\/\\\/nomadered.com.br\\\/#organization\"},\"potentialAction\":[{\"@type\":\"SearchAction\",\"target\":{\"@type\":\"EntryPoint\",\"urlTemplate\":\"https:\\\/\\\/nomadered.com.br\\\/?s={search_term_string}\"},\"query-input\":{\"@type\":\"PropertyValueSpecification\",\"valueRequired\":true,\"valueName\":\"search_term_string\"}}],\"inLanguage\":\"pt-BR\"},{\"@type\":\"Organization\",\"@id\":\"https:\\\/\\\/nomadered.com.br\\\/#organization\",\"name\":\"nomadered.com.br\",\"url\":\"https:\\\/\\\/nomadered.com.br\\\/\",\"logo\":{\"@type\":\"ImageObject\",\"inLanguage\":\"pt-BR\",\"@id\":\"https:\\\/\\\/nomadered.com.br\\\/#\\\/schema\\\/logo\\\/image\\\/\",\"url\":\"https:\\\/\\\/nomadered.com.br\\\/wp-content\\\/uploads\\\/2026\\\/05\\\/logo-do-site-vertical.png\",\"contentUrl\":\"https:\\\/\\\/nomadered.com.br\\\/wp-content\\\/uploads\\\/2026\\\/05\\\/logo-do-site-vertical.png\",\"width\":1800,\"height\":1800,\"caption\":\"nomadered.com.br\"},\"image\":{\"@id\":\"https:\\\/\\\/nomadered.com.br\\\/#\\\/schema\\\/logo\\\/image\\\/\"},\"sameAs\":[\"https:\\\/\\\/www.facebook.com\\\/profile.php?id=61575930443749\",\"https:\\\/\\\/www.instagram.com\\\/nomade_red\\\/\",\"https:\\\/\\\/www.kwai.com\\\/@nomade_red\",\"https:\\\/\\\/www.twitch.tv\\\/nomade_red\",\"https:\\\/\\\/kick.com\\\/nomade-red\"]}]}<\/script>\n<!-- \/ Yoast SEO plugin. -->","yoast_head_json":{"title":"Home - Nomade RED","robots":{"index":"index","follow":"follow","max-snippet":"max-snippet:-1","max-image-preview":"max-image-preview:large","max-video-preview":"max-video-preview:-1"},"canonical":"https:\/\/nomadered.com.br\/","og_locale":"pt_BR","og_type":"article","og_title":"Home - Nomade RED","og_description":"\u00daltimas atualiza\u00e7\u00f5es de not\u00edcias Fique atento \u00e0s \u00faltimas informa\u00e7\u00f5es e atualiza\u00e7\u00f5es em diversos setores. See All News","og_url":"https:\/\/nomadered.com.br\/","og_site_name":"Nomade RED","article_publisher":"https:\/\/www.facebook.com\/profile.php?id=61575930443749","article_modified_time":"2026-05-09T17:09:54+00:00","twitter_card":"summary_large_image","twitter_misc":{"Est. tempo de leitura":"5 minutos"},"schema":{"@context":"https:\/\/schema.org","@graph":[{"@type":"WebPage","@id":"https:\/\/nomadered.com.br\/","url":"https:\/\/nomadered.com.br\/","name":"Home - Nomade RED","isPartOf":{"@id":"https:\/\/nomadered.com.br\/#website"},"datePublished":"2026-05-08T11:33:28+00:00","dateModified":"2026-05-09T17:09:54+00:00","breadcrumb":{"@id":"https:\/\/nomadered.com.br\/#breadcrumb"},"inLanguage":"pt-BR","potentialAction":[{"@type":"ReadAction","target":["https:\/\/nomadered.com.br\/"]}]},{"@type":"BreadcrumbList","@id":"https:\/\/nomadered.com.br\/#breadcrumb","itemListElement":[{"@type":"ListItem","position":1,"name":"In\u00edcio","item":"https:\/\/nomadered.com.br\/"},{"@type":"ListItem","position":2,"name":"Home"}]},{"@type":"WebSite","@id":"https:\/\/nomadered.com.br\/#website","url":"https:\/\/nomadered.com.br\/","name":"nomadered.com.br","description":"","publisher":{"@id":"https:\/\/nomadered.com.br\/#organization"},"potentialAction":[{"@type":"SearchAction","target":{"@type":"EntryPoint","urlTemplate":"https:\/\/nomadered.com.br\/?s={search_term_string}"},"query-input":{"@type":"PropertyValueSpecification","valueRequired":true,"valueName":"search_term_string"}}],"inLanguage":"pt-BR"},{"@type":"Organization","@id":"https:\/\/nomadered.com.br\/#organization","name":"nomadered.com.br","url":"https:\/\/nomadered.com.br\/","logo":{"@type":"ImageObject","inLanguage":"pt-BR","@id":"https:\/\/nomadered.com.br\/#\/schema\/logo\/image\/","url":"https:\/\/nomadered.com.br\/wp-content\/uploads\/2026\/05\/logo-do-site-vertical.png","contentUrl":"https:\/\/nomadered.com.br\/wp-content\/uploads\/2026\/05\/logo-do-site-vertical.png","width":1800,"height":1800,"caption":"nomadered.com.br"},"image":{"@id":"https:\/\/nomadered.com.br\/#\/schema\/logo\/image\/"},"sameAs":["https:\/\/www.facebook.com\/profile.php?id=61575930443749","https:\/\/www.instagram.com\/nomade_red\/","https:\/\/www.kwai.com\/@nomade_red","https:\/\/www.twitch.tv\/nomade_red","https:\/\/kick.com\/nomade-red"]}]}},"_hostinger_reach_plugin_has_subscription_block":false,"_hostinger_reach_plugin_is_elementor":false,"_links":{"self":[{"href":"https:\/\/nomadered.com.br\/index.php?rest_route=\/wp\/v2\/pages\/8","targetHints":{"allow":["GET"]}}],"collection":[{"href":"https:\/\/nomadered.com.br\/index.php?rest_route=\/wp\/v2\/pages"}],"about":[{"href":"https:\/\/nomadered.com.br\/index.php?rest_route=\/wp\/v2\/types\/page"}],"author":[{"embeddable":true,"href":"https:\/\/nomadered.com.br\/index.php?rest_route=\/wp\/v2\/users\/1"}],"replies":[{"embeddable":true,"href":"https:\/\/nomadered.com.br\/index.php?rest_route=%2Fwp%2Fv2%2Fcomments&post=8"}],"version-history":[{"count":33,"href":"https:\/\/nomadered.com.br\/index.php?rest_route=\/wp\/v2\/pages\/8\/revisions"}],"predecessor-version":[{"id":127,"href":"https:\/\/nomadered.com.br\/index.php?rest_route=\/wp\/v2\/pages\/8\/revisions\/127"}],"wp:attachment":[{"href":"https:\/\/nomadered.com.br\/index.php?rest_route=%2Fwp%2Fv2%2Fmedia&parent=8"}],"curies":[{"name":"wp","href":"https:\/\/api.w.org\/{rel}","templated":true}]}}